{"id":1887,"date":"2017-10-29T11:30:10","date_gmt":"2017-10-29T11:30:10","guid":{"rendered":"https:\/\/www.r-rlaw.com\/acuerdos-y-veredictos\/"},"modified":"2022-08-30T11:40:36","modified_gmt":"2022-08-30T11:40:36","slug":"acuerdos-y-veredictos","status":"publish","type":"page","link":"https:\/\/www.r-rlaw.com\/es\/acuerdos-y-veredictos\/","title":{"rendered":"Acuerdos y Veredictos"},"content":{"rendered":"<p>[vc_row][vc_column width=\u00bb1\/6&#8243;][\/vc_column][vc_column width=\u00bb2\/3&#8243;][vc_column_text]<\/p>\n<h2 style=\"text-align: center;\"><span class=\"colorYellow\">acuerdos <\/span>anteriores y <span class=\"colorYellow\">veredictos <\/span>similares a los tuyos!<\/h2>\n<p>[\/vc_column_text][vc_column_text]Nuestra empresa ha luchado contra las compa\u00f1\u00edas de seguros en los \u00faltimos 45 a\u00f1os y ha recaudado millones de d\u00f3lares para nuestros clientes. Si una compa\u00f1\u00eda de seguros no est\u00e1 dispuesta a compensar adecuadamente, no dudaremos en acudir a los tribunales por usted. Estaremos a su lado hasta que su caso sea resuelto.[\/vc_column_text][\/vc_column][vc_column width=\u00bb1\/6&#8243;][\/vc_column][\/vc_row][vc_row content_placement=\u00bbmiddle\u00bb css=\u00bb.vc_custom_1503224772245{padding-top: 20px !important;padding-bottom: 20px !important;background-color: #ffffff !important;}\u00bb][vc_column width=\u00bb2\/3&#8243;][vc_column_text]<\/p>\n<h3><span class=\"colorYellow\">Ubicaci\u00f3n del accidente: Maryland<\/span><\/h3>\n<p>[\/vc_column_text][vc_column_text]Datos de accidente: Un ni\u00f1o y su abuela fueron golpeados por un veh\u00edculo mientras estaban en un cruce de peatones. El ni\u00f1o muri\u00f3 en la ambulancia en el camino al hospital. Obtuvimos el acuerdo para la supervivencia del ni\u00f1o para la madre.[\/vc_column_text][\/vc_column][vc_column width=\u00bb1\/3&#8243; css=\u00bb.vc_custom_1503223707125{border-left-width: 1px !important;border-left-color: #0a0a0a !important;border-left-style: dashed !important;}\u00bb][vc_column_text]<\/p>\n<h3>Veredicto:<\/h3>\n<h2 class=\"colorRed\">600,000 Asentamiento<\/h2>\n<p>[\/vc_column_text][\/vc_column][\/vc_row][vc_row content_placement=\u00bbmiddle\u00bb css=\u00bb.vc_custom_1503224760964{padding-top: 20px !important;padding-bottom: 20px !important;}\u00bb][vc_column width=\u00bb2\/3&#8243;][vc_column_text]<\/p>\n<h3><span class=\"colorYellow\">Ubicaci\u00f3n del accidente: Virginia<\/span><\/h3>\n<p>[\/vc_column_text][vc_column_text]Datos de accidente: Nuestro cliente fue golpeado por un veh\u00edculo mientras paso de peatones.[\/vc_column_text][\/vc_column][vc_column width=\u00bb1\/3&#8243; css=\u00bb.vc_custom_1503223707125{border-left-width: 1px !important;border-left-color: #0a0a0a !important;border-left-style: dashed !important;}\u00bb][vc_column_text]<\/p>\n<h3>Veredicto:<\/h3>\n<h2 class=\"colorRed\">450,000 Asentamiento<\/h2>\n<p>[\/vc_column_text][\/vc_column][\/vc_row][vc_row content_placement=\u00bbmiddle\u00bb css=\u00bb.vc_custom_1503224772245{padding-top: 20px !important;padding-bottom: 20px !important;background-color: #ffffff !important;}\u00bb][vc_column width=\u00bb2\/3&#8243;][vc_column_text]<\/p>\n<h3><span class=\"colorYellow\">Ubicaci\u00f3n del accidente: Maryland<\/span><\/h3>\n<p>[\/vc_column_text][vc_column_text]Datos de accidente: Nuestro cliente fue golpeado de frente por un conductor ebrio y sufri\u00f3 lesiones m\u00faltiples incluyendo huesos rotos y discapacidad permanente.[\/vc_column_text][\/vc_column][vc_column width=\u00bb1\/3&#8243; css=\u00bb.vc_custom_1503223707125{border-left-width: 1px !important;border-left-color: #0a0a0a !important;border-left-style: dashed !important;}\u00bb][vc_column_text]<\/p>\n<h3>Veredicto:<\/h3>\n<h2 class=\"colorRed\">600,000 Asentamiento<\/h2>\n<p>[\/vc_column_text][\/vc_column][\/vc_row][vc_row content_placement=\u00bbmiddle\u00bb css=\u00bb.vc_custom_1509041780359{padding-top: 20px !important;padding-bottom: 20px !important;}\u00bb][vc_column width=\u00bb2\/3&#8243;][vc_column_text]<\/p>\n<h3><span class=\"colorYellow\">Ubicaci\u00f3n del accidente: Maryland<\/span><\/h3>\n<p>[\/vc_column_text][vc_column_text]Datos del accidente: Nuestro cliente era un pasajero en una veh\u00edculo que perdi\u00f3 el control y se estrell\u00f3. Nuestro cliente fue declarado fallecido en el momento del accidente.[\/vc_column_text][\/vc_column][vc_column width=\u00bb1\/3&#8243; css=\u00bb.vc_custom_1503223707125{border-left-width: 1px !important;border-left-color: #0a0a0a !important;border-left-style: dashed !important;}\u00bb][vc_column_text]<\/p>\n<h3>Veredicto:<\/h3>\n<h2 class=\"colorRed\">500,000 Asentamiento<\/h2>\n<p>[\/vc_column_text][\/vc_column][\/vc_row][vc_row content_placement=\u00bbmiddle\u00bb css=\u00bb.vc_custom_1509041789005{padding-top: 20px !important;padding-bottom: 20px !important;}\u00bb][vc_column width=\u00bb2\/3&#8243;][vc_column_text]<\/p>\n<h3><span class=\"colorYellow\">Demanda de compensaci\u00f3n para trabajadores de Maryland<\/span><\/h3>\n<p>[\/vc_column_text][vc_column_text]Datos de accidente: Nuestro cliente era un guardia de seguridad que fue asesinado a tiros en el cumplimiento de su trabajo. Nosotros presentamos y obtuvimos con \u00e9xito un reclamo de dependencia para su hijo menor, que es un beneficio semanal hasta que alcanza la mayor\u00eda de edad.[\/vc_column_text][\/vc_column][vc_column width=\u00bb1\/3&#8243; css=\u00bb.vc_custom_1503223707125{border-left-width: 1px !important;border-left-color: #0a0a0a !important;border-left-style: dashed !important;}\u00bb][vc_column_text]<\/p>\n<h3>Veredicto:<\/h3>\n<h2 class=\"colorRed\">Award: Premio: Incapacidad Total Permanente<\/h2>\n<p>[\/vc_column_text][\/vc_column][\/vc_row][vc_row content_placement=\u00bbmiddle\u00bb css=\u00bb.vc_custom_1503224772245{padding-top: 20px !important;padding-bottom: 20px !important;background-color: #ffffff !important;}\u00bb][vc_column width=\u00bb2\/3&#8243;][vc_column_text]<\/p>\n<h3><span class=\"colorYellow\">DDemanda de la Dependencia &#8211; Maryland Workers &#8216;Compensation.<\/span><\/h3>\n<p>[\/vc_column_text][vc_column_text]Ubicaci\u00f3n del accidente: Maryland<\/p>\n<p>Datos del accidente: El cliente era un mecenas en un restaurante de comida r\u00e1pida cuando un conductor borracho se estrell\u00f3 entre el restaurante, golpeando a nuestro cliente al suelo.<br \/>\nDemanda de la Dependencia &#8211; Maryland Workers &#8216;Compensation.[\/vc_column_text][\/vc_column][vc_column width=\u00bb1\/3&#8243; css=\u00bb.vc_custom_1503223707125{border-left-width: 1px !important;border-left-color: #0a0a0a !important;border-left-style: dashed !important;}\u00bb][vc_column_text]<\/p>\n<h3>Veredicto:<\/h3>\n<h2 class=\"colorRed\">100,000 Asentamiento<\/h2>\n<p>[\/vc_column_text][\/vc_column][\/vc_row][vc_row content_placement=\u00bbmiddle\u00bb css=\u00bb.vc_custom_1503224772245{padding-top: 20px !important;padding-bottom: 20px !important;background-color: #ffffff !important;}\u00bb][vc_column width=\u00bb2\/3&#8243;][vc_column_text]<\/p>\n<h3><span class=\"colorYellow\">Demanda de compensaci\u00f3n para trabajadores de Maryland<\/span><\/h3>\n<p>[\/vc_column_text][vc_column_text]Datos de accidentes: Nuestro cliente estaba guiando una carga de 4 toneladas de segmento de concreto a una posici\u00f3n de reposo cuando fue colocado incorrectamente sobre su rodilla derecha y bajado por un operador de la gr\u00faa. Nuestro cliente estaba de pie en el momento, y la fuerza result\u00f3 en una rotura de su tobillo derecho.[\/vc_column_text][\/vc_column][vc_column width=\u00bb1\/3&#8243; css=\u00bb.vc_custom_1503223707125{border-left-width: 1px !important;border-left-color: #0a0a0a !important;border-left-style: dashed !important;}\u00bb][vc_column_text]<\/p>\n<h3>Veredicto:<\/h3>\n<h2 class=\"colorRed\">Award: Premio: Incapacidad Total Permanente<\/h2>\n<p>[\/vc_column_text][\/vc_column][\/vc_row][vc_row bg_style=\u00bbimg_parallax\u00bb css=\u00bb.vc_custom_1509008580221{padding: 30px !important;background-image: url(https:\/\/www.r-rlaw.com\/wp-content\/uploads\/2015\/04\/call_to_action_background.png?id=1580) !important;}\u00bb bd_p_speed=\u00bb0.5&#8243;][vc_column][vc_column_text el_class=\u00bbcenter colorWhite\u00bb]<\/p>\n<h2>\u00bfTengo un <span class=\"colorYellow\">caso<\/span>?<\/h2>\n<h3>Cont\u00e1ctenos hoy para una evaluaci\u00f3n de caso de gratis<\/h3>\n<p>[\/vc_column_text][vc_column_text]<style type=\"text\/css\">.super-form-1772 > * {visibility:hidden;}<\/style><div id=\"super-form-1772\" style=\"margin:0px 0px 0px 0px;\"class=\"super-form super-form-1772 style-default super-full-rounded super-field-size-huge\" data-hide=\"true\" data-field-size=\"huge\"><form autocomplete=\"on\"><input type=\"text\" name=\"super_hp\" size=\"25\" value=\"\" \/><div class=\"super-shortcode super-field super-hidden\"><input class=\"super-shortcode-field\" type=\"hidden\" value=\"1772\" name=\"hidden_form_id\" \/><\/div><div class=\"super-grid super-shortcode\"><div class=\"super-shortcode super_one_third super-column column-number-1 grid-level-0 first-column \"><div class=\"super-shortcode super-field super-text  ungrouped  \"><div class=\"super-field-wrapper\"><input class=\"super-shortcode-field\" type=\"text\" name=\"name\" data-email=\"Nombre Completo\" data-default-value=\"\" placeholder=\"Nombre Completo\" \/><\/div><\/div><\/div><div class=\"super-shortcode super_one_third super-column column-number-2 grid-level-0  \"><div class=\"super-shortcode super-field super-text  ungrouped  \"><div class=\"super-field-wrapper\"><input class=\"super-shortcode-field\" type=\"text\" name=\"phonenumber\" data-validation=\"phone\" data-email=\"N\u00famero de Tel\u00e9fono\" data-default-value=\"\" placeholder=\"N\u00famero de Tel\u00e9fono\" \/><\/div><\/div><\/div><div class=\"super-shortcode super_one_third super-column column-number-3 grid-level-0  \"><div class=\"super-shortcode super-field super-text  ungrouped  \"><div class=\"super-field-wrapper\"><input class=\"super-shortcode-field\" type=\"text\" name=\"email\" data-validation=\"email\" data-email=\"Correo Electr\u00f3nico\" data-default-value=\"\" placeholder=\"Correo Electr\u00f3nico\" \/><\/div><\/div><\/div><\/div><div class=\"super-grid super-shortcode\"><div class=\"super-shortcode super_one_third super-column column-number-1 grid-level-0 first-column \"><div class=\"super-shortcode super-field super-text  ungrouped  \"><div class=\"super-field-wrapper\"><input class=\"super-shortcode-field\" type=\"text\" name=\"type\" data-email=\"Tipo de Incidente\" data-default-value=\"\" placeholder=\"Tipo de Incidente\" \/><\/div><\/div><\/div><div class=\"super-shortcode super_one_third super-column column-number-2 grid-level-0  \"><div class=\"super-shortcode super-field super-text  ungrouped  \"><div class=\"super-field-wrapper\"><input class=\"super-shortcode-field\" type=\"text\" name=\"time_of_incident\" data-email=\"Fecha y Hora Del Incidente\" data-default-value=\"\" placeholder=\"Fecha y Hora Del Incidente\" \/><\/div><\/div><\/div><div class=\"super-shortcode super_one_third super-column column-number-3 grid-level-0  \"><div class=\"super-shortcode super-field super-text  ungrouped  \"><div class=\"super-field-wrapper\"><input class=\"super-shortcode-field\" type=\"text\" name=\"location_of_Incident\" data-email=\"Ubicaci\u00f3n (Estado) Del Incidente\" data-default-value=\"\" placeholder=\"Ubicaci\u00f3n (Estado) Del Incidente\" \/><\/div><\/div><\/div><\/div><div class=\"super-grid super-shortcode\"><div class=\"super-shortcode super_two_third super-column column-number-1 grid-level-0 first-column \"><div class=\"super-shortcode super-field super-textarea  ungrouped  \"><div class=\"super-field-wrapper\"><textarea class=\"super-shortcode-field\" name=\"Details_of_Your_Incident\" data-email=\"Detalle Sobre Su Incidente\" data-default-value=\"\" placeholder=\"Detalle Sobre Su Incidente\" ><\/textarea><\/div><\/div><\/div><div class=\"super-shortcode super_one_third super-column column-number-2 grid-level-0  \"><div data-color=\"#eaab00\" data-light=\"#febf14\" data-dark=\"#cc8d00\" data-hover-color=\"#444444\" data-hover-light=\"#585858\" data-hover-dark=\"#262626\" data-font=\"#ffffff\" data-font-hover=\"#ffffff\" data-radius=\"full-rounded\" data-type=\"flat\" class=\"super-extra-shortcode super-shortcode super-field super-form-button super-clear-none super-button super-radius-full-rounded super-type-flat super-button-large super-button-align-center super-button-width-fullwidth\"><div data-href=\"\" class=\"super-button-wrap no_link\"><div class=\"super-button-name\" data-action=\"submit\" data-status=\"\" data-status-update=\"\" data-loading=\"Loading...\">Enviar<\/div><span class=\"super-after\"><\/span><\/div><\/div><div class=\"super-shortcode super-field super-recaptcha super-align-right  ungrouped  \"><div class=\"super-recaptcha align-right\" data-key=\"6LeRS_cqAAAAADsW4FQQQWlN9n2FeQHDEumSbDhD\" data-message=\"\"><\/div><\/div><\/div><\/div><\/form><span class=\"super-load-icon\"><\/span><\/div>[\/vc_column_text][\/vc_column][\/vc_row]<\/p>\n","protected":false},"excerpt":{"rendered":"<p>[vc_row][vc_column width=\u00bb1\/6&#8243;][\/vc_column][vc_column width=\u00bb2\/3&#8243;][vc_column_text] acuerdos anteriores y veredictos similares a los tuyos! [\/vc_column_text][vc_column_text]Nuestra empresa ha luchado contra las compa\u00f1\u00edas de seguros en los \u00faltimos 45 a\u00f1os y ha recaudado millones de d\u00f3lares para nuestros clientes. Si una compa\u00f1\u00eda de seguros no est\u00e1 dispuesta a compensar adecuadamente, no dudaremos en acudir a los tribunales por usted. Estaremos [&hellip;]<\/p>\n","protected":false},"author":1,"featured_media":0,"parent":0,"menu_order":0,"comment_status":"closed","ping_status":"closed","template":"","meta":[],"_links":{"self":[{"href":"https:\/\/www.r-rlaw.com\/es\/wp-json\/wp\/v2\/pages\/1887"}],"collection":[{"href":"https:\/\/www.r-rlaw.com\/es\/wp-json\/wp\/v2\/pages"}],"about":[{"href":"https:\/\/www.r-rlaw.com\/es\/wp-json\/wp\/v2\/types\/page"}],"author":[{"embeddable":true,"href":"https:\/\/www.r-rlaw.com\/es\/wp-json\/wp\/v2\/users\/1"}],"replies":[{"embeddable":true,"href":"https:\/\/www.r-rlaw.com\/es\/wp-json\/wp\/v2\/comments?post=1887"}],"version-history":[{"count":45,"href":"https:\/\/www.r-rlaw.com\/es\/wp-json\/wp\/v2\/pages\/1887\/revisions"}],"predecessor-version":[{"id":2332,"href":"https:\/\/www.r-rlaw.com\/es\/wp-json\/wp\/v2\/pages\/1887\/revisions\/2332"}],"wp:attachment":[{"href":"https:\/\/www.r-rlaw.com\/es\/wp-json\/wp\/v2\/media?parent=1887"}],"curies":[{"name":"wp","href":"https:\/\/api.w.org\/{rel}","templated":true}]}}