{"id":1853,"date":"2017-10-29T10:44:53","date_gmt":"2017-10-29T10:44:53","guid":{"rendered":"https:\/\/www.r-rlaw.com\/contactanos\/"},"modified":"2022-08-30T10:48:57","modified_gmt":"2022-08-30T10:48:57","slug":"contactanos","status":"publish","type":"page","link":"https:\/\/www.r-rlaw.com\/es\/contactanos\/","title":{"rendered":"Contactanos"},"content":{"rendered":"<p>[vc_row][vc_column width=\u00bb1\/6&#8243;][\/vc_column][vc_column width=\u00bb2\/3&#8243;][vc_column_text]<\/p>\n<h2 style=\"text-align: center;\">P\u00f3ngase en <span class=\"colorYellow\">P\u00f3ngase <\/span>en contacto con nosotros hoy!<\/h2>\n<p>[\/vc_column_text][vc_column_text]Nuestra oficina est\u00e1 ubicada cerca de la intersecci\u00f3n de la Ruta 1 y la Carretera Este-Oeste (Ruta 410) en Greenbelt, Maryland. Puede comunicarse con nosotros durante las horas h\u00e1biles normales, e incluso tenemos una l\u00ednea de emergencia para usarla despu\u00e9s de horas. Estamos aqu\u00ed para usted 24 horas al d\u00eda, 7 d\u00edas a la semana.[\/vc_column_text][\/vc_column][vc_column width=\u00bb1\/6&#8243;][\/vc_column][\/vc_row][vc_row content_full_width=\u00bb1&#8243;][vc_column][vc_gmaps link=\u00bb#E-8_JTNDaWZyYW1lJTIwc3JjJTNEJTIyaHR0cHMlM0ElMkYlMkZ3d3cuZ29vZ2xlLmNvbSUyRm1hcHMlMkZlbWJlZCUzRnBiJTNEJTIxMW0xOCUyMTFtMTIlMjExbTMlMjExZDMxMDAuMjU2MjEwNTIzNDI0JTIxMmQtNzYuODk3OTc0MTg0Mzg5NDMlMjEzZDM5LjAwOTQ2ODU3OTU1MzU1NSUyMTJtMyUyMTFmMCUyMTJmMCUyMTNmMCUyMTNtMiUyMTFpMTAyNCUyMTJpNzY4JTIxNGYxMy4xJTIxM20zJTIxMW0yJTIxMXMweDg5YjdjM2VhMGRjMDAwMDElMjUzQTB4YTJjMjE5MDkzYzY4MTcyNCUyMTJzNjQwNCUyNTIwSXZ5JTI1MjBMbiUyNTIwU3VpdGUlMjUyMDc0MCUyNTJDJTI1MjBHcmVlbmJlbHQlMjUyQyUyNTIwTUQlMjUyMDIwNzcwJTIxNWUwJTIxM20yJTIxMXNlbiUyMTJzdXMlMjE0djE2NTQ1MDgyNzM3ODYlMjE1bTIlMjExc2VuJTIxMnN1cyUyMiUyMHdpZHRoJTNEJTIyNjAwJTIyJTIwaGVpZ2h0JTNEJTIyNDUwJTIyJTIwc3R5bGUlM0QlMjJib3JkZXIlM0EwJTNCJTIyJTIwYWxsb3dmdWxsc2NyZWVuJTNEJTIyJTIyJTIwbG9hZGluZyUzRCUyMmxhenklMjIlMjByZWZlcnJlcnBvbGljeSUzRCUyMm5vLXJlZmVycmVyLXdoZW4tZG93bmdyYWRlJTIyJTNFJTNDJTJGaWZyYW1lJTNF\u00bb size=\u00bb300&#8243;][\/vc_column][\/vc_row][vc_row css=\u00bb.vc_custom_1429866237952{padding-top: 29px !important;padding-bottom: 72px !important;background-position: center !important;background-repeat: no-repeat !important;background-size: cover !important;}\u00bb][vc_column][vc_custom_heading text=\u00bbEscr\u00edbenos\u00bb font_container=\u00bbtag:h2|font_size:50|text_align:center|color:%23404244&#8243; google_fonts=\u00bbfont_family:Playfair%20Display%3Aregular%2Citalic%2C700%2C700italic%2C900%2C900italic|font_style:400%20regular%3A400%3Anormal\u00bb css=\u00bb.vc_custom_1429497406748{margin-bottom: -23px !important;}\u00bb][vc_custom_heading text=\u00bbenv\u00edenos un mensaje a trav\u00e9s del formulario de contacto\u00bb font_container=\u00bbtag:p|font_size:20px|text_align:center|color:%23999999&#8243; google_fonts=\u00bbfont_family:Open%20Sans%3A300%2C300italic%2Cregular%2Citalic%2C600%2C600italic%2C700%2C700italic%2C800%2C800italic|font_style:300%20light%20regular%3A300%3Anormal\u00bb css=\u00bb.vc_custom_1429497422163{margin-bottom: 42px !important;}\u00bb][vc_row_inner][vc_column_inner width=\u00bb1\/2&#8243;][vc_column_text]<strong>Horas de Operacion:<\/strong> Lunes a Viernes 9am &#8211; 5pm<\/p>\n<p><strong>Numero de telefono:<\/strong> 301.864.4200<\/p>\n<p><strong>L\u00ednea de Emergencia:<\/strong> 240.515.0409<\/p>\n<p><strong>Numero de Fax:<\/strong> 301.559.1455<\/p>\n<p><strong>Correo electronico:<\/strong> <a href=\"mailto:info@www.r-rlaw.com\">info@www.r-rlaw.com<\/a><\/p>\n<p><strong>Direcci\u00f3n:\u00a0<\/strong>6404 Ivy Lane, Suite 740, Greenbelt, MD 20770[\/vc_column_text][\/vc_column_inner][vc_column_inner width=\u00bb1\/2&#8243;][vc_column_text]<style type=\"text\/css\">.super-form-1770 > * {visibility:hidden;}<\/style><div id=\"super-form-1770\" style=\"margin:0px 0px 0px 0px;\"class=\"super-form super-form-1770 style-default super-full-rounded super-field-size-huge\" data-hide=\"true\" data-field-size=\"huge\"><form autocomplete=\"on\"><input type=\"text\" name=\"super_hp\" size=\"25\" value=\"\" \/><div class=\"super-shortcode super-field super-hidden\"><input class=\"super-shortcode-field\" type=\"hidden\" value=\"1770\" name=\"hidden_form_id\" \/><\/div><div class=\"super-grid super-shortcode\"><div class=\"super-shortcode super_one_full super-column column-number-1 grid-level-0 first-column \"><div class=\"super-shortcode super-field super-text  ungrouped  \"><div class=\"super-field-wrapper\"><input class=\"super-shortcode-field\" type=\"text\" name=\"name\" data-email=\"Nombre Completo\" data-default-value=\"\" placeholder=\"Nombre Completo\" \/><\/div><\/div><div class=\"super-shortcode super-field super-text  ungrouped  \"><div class=\"super-field-wrapper\"><input class=\"super-shortcode-field\" type=\"text\" name=\"email\" data-validation=\"email\" data-email=\"Correo Electronico\" data-default-value=\"\" placeholder=\"Correo Electronico\" \/><\/div><\/div><div class=\"super-shortcode super-field super-text  ungrouped  \"><div class=\"super-field-wrapper\"><input class=\"super-shortcode-field\" type=\"text\" name=\"phonenumber\" data-validation=\"phone\" data-email=\"N\u00famero de Tel\u00e9fono\" data-default-value=\"\" placeholder=\"N\u00famero de Tel\u00e9fono\" \/><\/div><\/div><div class=\"super-shortcode super-field super-textarea  ungrouped  \"><div class=\"super-field-wrapper\"><textarea class=\"super-shortcode-field\" name=\"question\" data-email=\"Mensaje \/ Commentarios\" data-default-value=\"\" placeholder=\"Mensaje \/ Commentarios\" ><\/textarea><\/div><\/div><div data-color=\"#f26c68\" data-light=\"#ff807c\" data-dark=\"#d44e4a\" data-hover-color=\"#444444\" data-hover-light=\"#585858\" data-hover-dark=\"#262626\" data-font=\"#ffffff\" data-font-hover=\"#ffffff\" data-radius=\"full-rounded\" data-type=\"flat\" class=\"super-extra-shortcode super-shortcode super-field super-form-button super-clear-none super-button super-radius-full-rounded super-type-flat super-button-large super-button-align-center super-button-width-fullwidth\"><div data-href=\"\" class=\"super-button-wrap no_link\"><div class=\"super-button-name\" data-action=\"submit\" data-status=\"\" data-status-update=\"\" data-loading=\"Loading...\">Enviar<\/div><span class=\"super-after\"><\/span><\/div><\/div><div class=\"super-shortcode super-field super-recaptcha super-align-right  ungrouped  \"><div class=\"super-recaptcha align-right\" data-key=\"6LeRS_cqAAAAADsW4FQQQWlN9n2FeQHDEumSbDhD\" data-message=\"\"><\/div><\/div><\/div><\/div><\/form><span class=\"super-load-icon\"><\/span><\/div>[\/vc_column_text][\/vc_column_inner][\/vc_row_inner][\/vc_column][\/vc_row][vc_row bg_style=\u00bbimg_parallax\u00bb css=\u00bb.vc_custom_1509008625077{padding: 30px !important;background-image: url(https:\/\/www.r-rlaw.com\/wp-content\/uploads\/2015\/04\/call_to_action_background.png?id=1580) !important;}\u00bb bd_p_speed=\u00bb0.5&#8243;][vc_column][vc_column_text el_class=\u00bbcenter colorWhite\u00bb]<\/p>\n<h2>\u00bfTengo un <span class=\"colorYellow\">caso<\/span>?<\/h2>\n<h3>Cont\u00e1ctenos hoy para una evaluaci\u00f3n de caso de gratis<\/h3>\n<p>[\/vc_column_text][vc_column_text]<style type=\"text\/css\">.super-form-1772 > * {visibility:hidden;}<\/style><div id=\"super-form-1772\" style=\"margin:0px 0px 0px 0px;\"class=\"super-form super-form-1772 style-default super-full-rounded super-field-size-huge\" data-hide=\"true\" data-field-size=\"huge\"><form autocomplete=\"on\"><input type=\"text\" name=\"super_hp\" size=\"25\" value=\"\" \/><div class=\"super-shortcode super-field super-hidden\"><input class=\"super-shortcode-field\" type=\"hidden\" value=\"1772\" name=\"hidden_form_id\" \/><\/div><div class=\"super-grid super-shortcode\"><div class=\"super-shortcode super_one_third super-column column-number-1 grid-level-0 first-column \"><div class=\"super-shortcode super-field super-text  ungrouped  \"><div class=\"super-field-wrapper\"><input class=\"super-shortcode-field\" type=\"text\" name=\"name\" data-email=\"Nombre Completo\" data-default-value=\"\" placeholder=\"Nombre Completo\" \/><\/div><\/div><\/div><div class=\"super-shortcode super_one_third super-column column-number-2 grid-level-0  \"><div class=\"super-shortcode super-field super-text  ungrouped  \"><div class=\"super-field-wrapper\"><input class=\"super-shortcode-field\" type=\"text\" name=\"phonenumber\" data-validation=\"phone\" data-email=\"N\u00famero de Tel\u00e9fono\" data-default-value=\"\" placeholder=\"N\u00famero de Tel\u00e9fono\" \/><\/div><\/div><\/div><div class=\"super-shortcode super_one_third super-column column-number-3 grid-level-0  \"><div class=\"super-shortcode super-field super-text  ungrouped  \"><div class=\"super-field-wrapper\"><input class=\"super-shortcode-field\" type=\"text\" name=\"email\" data-validation=\"email\" data-email=\"Correo Electr\u00f3nico\" data-default-value=\"\" placeholder=\"Correo Electr\u00f3nico\" \/><\/div><\/div><\/div><\/div><div class=\"super-grid super-shortcode\"><div class=\"super-shortcode super_one_third super-column column-number-1 grid-level-0 first-column \"><div class=\"super-shortcode super-field super-text  ungrouped  \"><div class=\"super-field-wrapper\"><input class=\"super-shortcode-field\" type=\"text\" name=\"type\" data-email=\"Tipo de Incidente\" data-default-value=\"\" placeholder=\"Tipo de Incidente\" \/><\/div><\/div><\/div><div class=\"super-shortcode super_one_third super-column column-number-2 grid-level-0  \"><div class=\"super-shortcode super-field super-text  ungrouped  \"><div class=\"super-field-wrapper\"><input class=\"super-shortcode-field\" type=\"text\" name=\"time_of_incident\" data-email=\"Fecha y Hora Del Incidente\" data-default-value=\"\" placeholder=\"Fecha y Hora Del Incidente\" \/><\/div><\/div><\/div><div class=\"super-shortcode super_one_third super-column column-number-3 grid-level-0  \"><div class=\"super-shortcode super-field super-text  ungrouped  \"><div class=\"super-field-wrapper\"><input class=\"super-shortcode-field\" type=\"text\" name=\"location_of_Incident\" data-email=\"Ubicaci\u00f3n (Estado) Del Incidente\" data-default-value=\"\" placeholder=\"Ubicaci\u00f3n (Estado) Del Incidente\" \/><\/div><\/div><\/div><\/div><div class=\"super-grid super-shortcode\"><div class=\"super-shortcode super_two_third super-column column-number-1 grid-level-0 first-column \"><div class=\"super-shortcode super-field super-textarea  ungrouped  \"><div class=\"super-field-wrapper\"><textarea class=\"super-shortcode-field\" name=\"Details_of_Your_Incident\" data-email=\"Detalle Sobre Su Incidente\" data-default-value=\"\" placeholder=\"Detalle Sobre Su Incidente\" ><\/textarea><\/div><\/div><\/div><div class=\"super-shortcode super_one_third super-column column-number-2 grid-level-0  \"><div data-color=\"#eaab00\" data-light=\"#febf14\" data-dark=\"#cc8d00\" data-hover-color=\"#444444\" data-hover-light=\"#585858\" data-hover-dark=\"#262626\" data-font=\"#ffffff\" data-font-hover=\"#ffffff\" data-radius=\"full-rounded\" data-type=\"flat\" class=\"super-extra-shortcode super-shortcode super-field super-form-button super-clear-none super-button super-radius-full-rounded super-type-flat super-button-large super-button-align-center super-button-width-fullwidth\"><div data-href=\"\" class=\"super-button-wrap no_link\"><div class=\"super-button-name\" data-action=\"submit\" data-status=\"\" data-status-update=\"\" data-loading=\"Loading...\">Enviar<\/div><span class=\"super-after\"><\/span><\/div><\/div><div class=\"super-shortcode super-field super-recaptcha super-align-right  ungrouped  \"><div class=\"super-recaptcha align-right\" data-key=\"6LeRS_cqAAAAADsW4FQQQWlN9n2FeQHDEumSbDhD\" data-message=\"\"><\/div><\/div><\/div><\/div><\/form><span class=\"super-load-icon\"><\/span><\/div>[\/vc_column_text][\/vc_column][\/vc_row]<\/p>\n","protected":false},"excerpt":{"rendered":"<p>[vc_row][vc_column width=\u00bb1\/6&#8243;][\/vc_column][vc_column width=\u00bb2\/3&#8243;][vc_column_text] P\u00f3ngase en P\u00f3ngase en contacto con nosotros hoy! [\/vc_column_text][vc_column_text]Nuestra oficina est\u00e1 ubicada cerca de la intersecci\u00f3n de la Ruta 1 y la Carretera Este-Oeste (Ruta 410) en Greenbelt, Maryland. Puede comunicarse con nosotros durante las horas h\u00e1biles normales, e incluso tenemos una l\u00ednea de emergencia para usarla despu\u00e9s de horas. Estamos aqu\u00ed [&hellip;]<\/p>\n","protected":false},"author":1,"featured_media":0,"parent":0,"menu_order":0,"comment_status":"closed","ping_status":"closed","template":"","meta":[],"_links":{"self":[{"href":"https:\/\/www.r-rlaw.com\/es\/wp-json\/wp\/v2\/pages\/1853"}],"collection":[{"href":"https:\/\/www.r-rlaw.com\/es\/wp-json\/wp\/v2\/pages"}],"about":[{"href":"https:\/\/www.r-rlaw.com\/es\/wp-json\/wp\/v2\/types\/page"}],"author":[{"embeddable":true,"href":"https:\/\/www.r-rlaw.com\/es\/wp-json\/wp\/v2\/users\/1"}],"replies":[{"embeddable":true,"href":"https:\/\/www.r-rlaw.com\/es\/wp-json\/wp\/v2\/comments?post=1853"}],"version-history":[{"count":11,"href":"https:\/\/www.r-rlaw.com\/es\/wp-json\/wp\/v2\/pages\/1853\/revisions"}],"predecessor-version":[{"id":2304,"href":"https:\/\/www.r-rlaw.com\/es\/wp-json\/wp\/v2\/pages\/1853\/revisions\/2304"}],"wp:attachment":[{"href":"https:\/\/www.r-rlaw.com\/es\/wp-json\/wp\/v2\/media?parent=1853"}],"curies":[{"name":"wp","href":"https:\/\/api.w.org\/{rel}","templated":true}]}}