{"id":1791,"date":"2017-10-26T19:29:56","date_gmt":"2017-10-26T19:29:56","guid":{"rendered":"https:\/\/www.r-rlaw.com\/home\/"},"modified":"2022-08-30T10:46:20","modified_gmt":"2022-08-30T10:46:20","slug":"home","status":"publish","type":"page","link":"https:\/\/www.r-rlaw.com\/es\/","title":{"rendered":"Home"},"content":{"rendered":"<p>[vc_row content_full_width=\u00bb1&#8243;][vc_column offset=\u00bbvc_hidden-xs\u00bb][rev_slider_vc alias=\u00bbmain\u00bb][\/vc_column][\/vc_row][vc_row content_full_width=\u00bb1&#8243; css=\u00bb.vc_custom_1431917504872{background-color: rgba(0,0,0,0.05) !important;*background-color: rgb(0,0,0) !important;}\u00bb][vc_column offset=\u00bbvc_hidden-xs\u00bb][cms_counter content_align=\u00bbcenter\u00bb cms_cols=\u00bb4 Columns\u00bb title1=\u00bbof Experience\u00bb digit1=\u00bb45&#8243; suffix1=\u00bb Years+\u00bb title2=\u00bbSuccess Rate\u00bb digit2=\u00bb99.6&#8243; suffix2=\u00bb%\u00bb title3=\u00bbMoney Recovered\u00bb digit3=\u00bb265&#8243; suffix3=\u00bb M+\u00bb prefix3=\u00bb$\u00bb title4=\u00bbSatisfied Clients\u00bb type4=\u00bbRandom\u00bb digit4=\u00bb12000&#8243; suffix4=\u00bb+\u00bb cms_template=\u00bbcms_counter&#8211;layout1.php\u00bb][\/vc_column][\/vc_row][vc_row css=\u00bb.vc_custom_1503218759890{padding: 40px !important;}\u00bb][vc_column width=\u00bb2\/3&#8243;][vc_column_text]<\/p>\n<h2 style=\"text-align: center;\"><span class=\"colorYellow\">Abogados de accidentes <\/span><br \/>\nen <span class=\"colorRed\">Maryland<\/span>y <span class=\"colorRed\">Washington D.C.<\/span><\/h2>\n<p>[\/vc_column_text][vc_column_text]Establecida en 1972, Rensin &amp; Rosenstein, LLP es una firma de abogados de lesiones personales ubicada en Greenbelt, Maryland. Nuestro enfoque principal es proteger los derechos de las personas lesionadas contra las compa\u00f1\u00edas de seguros, pero tambi\u00e9n proporcionamos consejo de defensa en casos criminales. Nuestra excelente reputaci\u00f3n nos ha permitido ganar la confianza de miles de clientes en los \u00faltimos 45 a\u00f1os. Nuestro equipo est\u00e1 listo para ayudarlo![\/vc_column_text][\/vc_column][vc_column width=\u00bb1\/3&#8243;][vc_hoverbox image=\u00bb1194&#8243; primary_title=\u00bbWe Speak English!\u00bb primary_title_font_container=\u00bbfont_size:40px|color:%230a0a0a\u00bb primary_title_use_theme_fonts=\u00bbyes\u00bb hover_title=\u00bbWe Speak English!\u00bb hover_btn_title=\u00bbEnglish\u00bb hover_btn_color=\u00bbinverse\u00bb use_custom_fonts_primary_title=\u00bbtrue\u00bb hover_add_button=\u00bbtrue\u00bb hover_btn_link=\u00bburl:https%3A%2F%2Fwww.r-rlaw.com%2F|\u00bb]If you prefer to read this website in English, Click Here![\/vc_hoverbox][\/vc_column][\/vc_row][vc_row css=\u00bb.vc_custom_1503218795665{padding: 20px !important;background-color: #f6f6eb !important;}\u00bb][vc_column][cms_fancybox content_align=\u00bbcenter\u00bb cms_cols=\u00bb3 Columns\u00bb title1=\u00bbPersonal Injury\u00bb button_link1=\u00bb\u00bb title2=\u00bbCriminal Law\u00bb button_link2=\u00bb\u00bb title3=\u00bbBusiness Law\u00bb button_link3=\u00bb\u00bb button_type=\u00bbtext\u00bb cms_template=\u00bbcms_fancybox&#8211;layout1.php\u00bb image1=\u00bb1143&#8243; image2=\u00bb1144&#8243; image3=\u00bb1145&#8243;][\/vc_column][\/vc_row][vc_row][vc_column][vc_tta_tour shape=\u00bbsquare\u00bb active_section=\u00bb1&#8243; title=\u00bbAreas de Servicio\u00bb el_class=\u00bbcolorRedx\u00bb][vc_tta_section i_icon_fontawesome=\u00bbfa fa-home\u00bb add_icon=\u00bbtrue\u00bb title=\u00bbLesiones Sufridas en una Propiedad\u00bb tab_id=\u00bb1509013697592-e926820d-2dfc\u00bb][vc_row_inner][vc_column_inner][vc_single_image image=\u00bb1161&#8243; img_size=\u00bb770 \u00d7 296&#8243; css_animation=\u00bbright-to-left\u00bb][vc_custom_heading text=\u00bbLesiones Sufridas en una Propiedad\u00bb font_container=\u00bbtag:h2|text_align:center\u00bb use_theme_fonts=\u00bbyes\u00bb][vc_column_text]Este tipo de caso es manejado por Rensin &amp; Rosenstein y es un \u00e1rea especializada del ley. Ejemplos son deslizamiento y ca\u00edda, acera defectuosa, o un colapso del techo que causan lesiones a una persona.<\/p>\n<p>Podemos ayudar a investigar para probar y hacer un caso que tiene \u00e9xito.<\/p>\n<p>Para casos de este tipo, no hay ninguna carga a menos que recuperemos el dinero para nuestro cliente.<\/p>\n<p>We can help investigate and prove and make a case that is successful. For cases of this type, there is no charge unless we recover money for our client.[\/vc_column_text][\/vc_column_inner][\/vc_row_inner][\/vc_tta_section][vc_tta_section i_icon_fontawesome=\u00bbfa fa-barcode\u00bb add_icon=\u00bbtrue\u00bb title=\u00bbResponsabilidad por Productos\u00bb tab_id=\u00bb1509013696585-0868f721-7692&#8243;][vc_row_inner][vc_column_inner][vc_single_image image=\u00bb1162&#8243; img_size=\u00bb770 \u00d7 296&#8243; css_animation=\u00bbright-to-left\u00bb][vc_custom_heading text=\u00bbResponsabilidad por Productos\u00bb font_container=\u00bbtag:h2|text_align:center\u00bb use_theme_fonts=\u00bbyes\u00bb][vc_column_text]Rensin &amp; Rosenstein se maneja reclamaciones de responsabilidad por productos. Las reclamaciones de responsabilidad por el producto son casos en los que un producto funciona incorrectamente o causa lesiones. Los ejemplos incluyen, las recetas llenadas por los farmac\u00e9uticos que pusieron la medicaci\u00f3n incorrecta en la botella, la comida contaminada, y los asientos defectuosos de la seguridad del ni\u00f1o.<\/p>\n<p>Nuestra oficina maneja estos casos y no cobrar una cuota a menos que haya una recuperaci\u00f3n.[\/vc_column_text][\/vc_column_inner][\/vc_row_inner][\/vc_tta_section][vc_tta_section i_icon_fontawesome=\u00bbfa fa-hospital-o\u00bb add_icon=\u00bbtrue\u00bb title=\u00bbAccidentes Laborales\u00bb tab_id=\u00bb1509013697791-d8531aee-7cb1&#8243;][vc_row_inner][vc_column_inner][vc_single_image image=\u00bb1160&#8243; img_size=\u00bb770 \u00d7 296&#8243; css_animation=\u00bbright-to-left\u00bb][vc_custom_heading text=\u00bbEste es un elemento de encabezado personalizado\u00bb font_container=\u00bbtag:h2|text_align:center\u00bb use_theme_fonts=\u00bbyes\u00bb][vc_column_text]Nuestra empresa se especializa en los sistemas de compensaci\u00f3n para trabajadores de Maryland y el Distrito de Columbia. Si usted ha sido lastimado en el trabajo, necesita tener un abogado que lo represente para proteger sus derechos y manejar adecuadamente su caso.<br \/>\nComo trabajador lesionado en Maryland o Distrito de Columbia tiene tres derechos:<\/p>\n<ul>\n<li>Pago de salarios mientras no puede trabajar<\/li>\n<li>Pago de todos los tratamientos m\u00e9dicos<\/li>\n<li>Pago de cualquier incapacidad causada por su lesi\u00f3n<\/li>\n<\/ul>\n<p>No hay ning\u00fan cargo por contratar los servicios de Rensin &amp; Rosenstein.<br \/>\nS\u00f3lo se nos paga si recuperamos el dinero para usted.[\/vc_column_text][\/vc_column_inner][\/vc_row_inner][\/vc_tta_section][vc_tta_section i_icon_fontawesome=\u00bbfa fa-motorcycle\u00bb add_icon=\u00bbtrue\u00bb title=\u00bbNegligencia Del Veh\u00edculo de Motor\u00bb tab_id=\u00bb1509013628583-c510c46d-991f\u00bb][vc_single_image image=\u00bb1159&#8243; img_size=\u00bb770 \u00d7 296&#8243; css_animation=\u00bbright-to-left\u00bb][vc_custom_heading text=\u00bbNegligencia Del Veh\u00edculo de Motor\u00bb font_container=\u00bbtag:h2|text_align:center\u00bb use_theme_fonts=\u00bbyes\u00bb][vc_column_text]Nuestra empresa especializa en casos de accidentes de veh\u00edculos de motor. Por m\u00e1s de 45 a\u00f1os, hemos luchado con todas las compa\u00f1\u00edas de seguros en el \u00e1rea metropolitana. Varios derechos est\u00e1n disponibles para usted como el individuo lesionado incluyendo un derecho de da\u00f1o a la propiedad y nosotros le ayudaremos a proteger esos derechos.<\/p>\n<p>Hemos tenido \u00e9xito en la obtenci\u00f3n de acuerdos o veredictos en la Corte contra la parte responsable. Cada caso es diferente y el conocimiento de qui\u00e9n es la compa\u00f1\u00eda de seguros adversa puede ayudar a determinar c\u00f3mo procedemos.<\/p>\n<p>Nuestros abogados y personal se comunican con sus clientes directamente para obtener los mejores resultados. No hay cargos por contratar a la empresa de Rensin &amp; Rosenstein, LLP. S\u00f3lo nos pagan si recuperamos el dinero para usted.<br \/>\nNunca d\u00e9 una declaraci\u00f3n registrada a la compa\u00f1\u00eda de seguros o ninguno de sus representantes antes de contactar a un abogado![\/vc_column_text][\/vc_tta_section][vc_tta_section i_icon_fontawesome=\u00bbfa fa-stethoscope\u00bb add_icon=\u00bbtrue\u00bb title=\u00bbNegligencia M\u00e9dica\u00bb tab_id=\u00bb1509013696430-22c07480-5f99&#8243;][vc_row_inner][vc_column_inner][vc_single_image image=\u00bb1163&#8243; img_size=\u00bb770 \u00d7 296&#8243; css_animation=\u00bbright-to-left\u00bb][vc_custom_heading text=\u00bbNegligencia M\u00e9dica\u00bb font_container=\u00bbtag:h2|text_align:center\u00bb use_theme_fonts=\u00bbyes\u00bb][vc_column_text]Rensin &amp; Rosenstein ha manejado numerosos casos de negligencia m\u00e9dica en los \u00faltimos 45 a\u00f1os. Estos casos son muy especializados. Si cree que un m\u00e9dico, proveedor o centro proporcion\u00f3 atenci\u00f3n m\u00e9dica que no fue satisfactoria o no apropiada, puede haber una reclamaci\u00f3n de negligencia m\u00e9dica.<\/p>\n<p>Para casos de este tipo, no hay cargo alguno a menos que recuperemos el dinero para nuestro cliente.[\/vc_column_text][\/vc_column_inner][\/vc_row_inner][\/vc_tta_section][vc_tta_section i_icon_fontawesome=\u00bbfa fa-heartbeat\u00bb add_icon=\u00bbtrue\u00bb title=\u00bbMuerte injusta\u00bb tab_id=\u00bb1509013696256-3a7c14c8-82ff\u00bb][vc_row_inner][vc_column_inner][vc_single_image image=\u00bb1164&#8243; img_size=\u00bb770 \u00d7 296&#8243; css_animation=\u00bbright-to-left\u00bb][vc_custom_heading text=\u00bbMuerte injusta\u00bb font_container=\u00bbtag:h2|text_align:center\u00bb use_theme_fonts=\u00bbyes\u00bb][vc_column_text]Rensin &amp; Rosenstein maneja muchos tipos de casos de muerte por negligencia. Este tipo de casos requieren el manejo de la propiedad y la investigaci\u00f3n. Nuestros abogados ayudan a establecer un estado, investigar y probar la muerte injusta y determinar qui\u00e9n puede ser responsable para este desafortunado resultado.<\/p>\n<p>S\u00f3lo nos pagan si recuperamos para usted.[\/vc_column_text][\/vc_column_inner][\/vc_row_inner][\/vc_tta_section][vc_tta_section i_icon_fontawesome=\u00bbfa fa-balance-scale\u00bb add_icon=\u00bbtrue\u00bb title=\u00bbDefensa Criminal\u00bb tab_id=\u00bb1509013705835-2b41d1ac-7acf\u00bb][vc_row_inner][vc_column_inner][vc_single_image image=\u00bb1165&#8243; img_size=\u00bb770 \u00d7 296&#8243; css_animation=\u00bbright-to-left\u00bb][vc_custom_heading text=\u00bbDefensa Criminal\u00bb font_container=\u00bbtag:h2|text_align:center\u00bb use_theme_fonts=\u00bbyes\u00bb][vc_column_text]Rensin &amp; Rosenstein representan a clientes que han sido acusados \u200b\u200bpenalmente. Esto puede ir desde un simple boleto de exceso de velocidad a delitos encarcelados.<\/p>\n<p>Nuestra tarifa plana es justa y razonable. Con planes de pago disponibles.[\/vc_column_text][\/vc_column_inner][\/vc_row_inner][\/vc_tta_section][vc_tta_section i_icon_fontawesome=\u00bbfa fa-car\u00bb add_icon=\u00bbtrue\u00bb title=\u00bbAudiencias de la Administraci\u00f3n\u00bb tab_id=\u00bb1509013705616-2272e83a-4a76&#8243;][vc_row_inner][vc_column_inner][vc_single_image image=\u00bb1166&#8243; img_size=\u00bb770 \u00d7 296&#8243; css_animation=\u00bbright-to-left\u00bb][vc_custom_heading text=\u00bbAudiencias de la Administraci\u00f3n de Veh\u00edculos Motorizados\u00bb font_container=\u00bbtag:h2|text_align:center\u00bb use_theme_fonts=\u00bbyes\u00bb][vc_column_text]Rensin &amp; Rosenstein maneja varias audiencias de administraci\u00f3n de veh\u00edculos de motor. La mayor\u00eda de estas audiencias son para suspensi\u00f3n o revocaci\u00f3n del privilegio de conducir.<\/p>\n<p>Nuestras tarifas planas son justas y razonables, con planes de pago disponibles.[\/vc_column_text][\/vc_column_inner][\/vc_row_inner][\/vc_tta_section][\/vc_tta_tour][\/vc_column][\/vc_row][vc_row content_full_width=\u00bb1&#8243; bg_style=\u00bbimg_parallax\u00bb css=\u00bb.vc_custom_1503219328200{padding-bottom: 40px !important;background-image: url(https:\/\/www.r-rlaw.com\/wp-content\/uploads\/2018\/11\/aaa.jpg) !important;background-position: center !important;background-repeat: no-repeat !important;background-size: cover !important;}\u00bb bd_p_speed=\u00bb0.5&#8243;][vc_column width=\u00bb1\/3&#8243; content_position=\u00bbcenter\u00bb][cms_fancybox content_align=\u00bbcenter\u00bb icon1=\u00bbicon-search\u00bb title1=\u00bbCase Studies\u00bb button_link1=\u00bbhttps:\/\/www.r-rlaw.com\/es\/acuerdos-y-veredictos\/\u00bb button_text=\u00bbView Results\u00bb description1=\u00bbRead About Cases Similar to Yours\u00bb cms_template=\u00bbcms_fancybox&#8211;layout3.php\u00bb][\/vc_column][vc_column width=\u00bb1\/3&#8243; content_position=\u00bbcenter\u00bb][cms_fancybox content_align=\u00bbcenter\u00bb icon1=\u00bbicon-bubble\u00bb title1=\u00bbFAQ\u00bb button_link1=\u00bbhttps:\/\/www.r-rlaw.com\/faqs\/\u00bb button_text=\u00bbLearn More\u00bb description1=\u00bbAnswers to Frequently Asked Questions\u00bb cms_template=\u00bbcms_fancybox&#8211;layout3.php\u00bb][\/vc_column][vc_column width=\u00bb1\/3&#8243; content_position=\u00bbcenter\u00bb][cms_fancybox content_align=\u00bbcenter\u00bb icon1=\u00bbicon-pen\u00bb title1=\u00bbGet in Touch\u00bb button_link1=\u00bbhttps:\/\/www.r-rlaw.com\/contact\/\u00bb button_text=\u00bbContact Us\u00bb description1=\u00bbE-mail Us Today\u00bb cms_template=\u00bbcms_fancybox&#8211;layout3.php\u00bb][\/vc_column][\/vc_row][vc_row][vc_column][vc_column_text css=\u00bb.vc_custom_1509040666137{margin-bottom: 30px !important;padding-right: 24px !important;padding-left: 24px !important;}\u00bb el_class=\u00bbcenter\u00bb]<\/p>\n<h3 style=\"text-align: center;\">We are <span class=\"colorRed\">Passionate About Helping<\/span> Clients Get Their Life Back<\/h3>\n<p>[\/vc_column_text][cms_carousel xsmall_items=\u00bb1&#8243; small_items=\u00bb1&#8243; medium_items=\u00bb1&#8243; large_items=\u00bb1&#8243; nav=\u00bbfalse\u00bb dots=\u00bbfalse\u00bb quocte_font_size=\u00bb20px\u00bb quocte_text_algin=\u00bbcenter\u00bb source=\u00bbsize:10|order_by:date|post_type:quocte\u00bb left_arrow=\u00bbfa fa-arrow-left\u00bb right_arrow=\u00bbfa fa-arrow-right\u00bb cms_template=\u00bbcms_carousel&#8211;quocte.php\u00bb][\/vc_column][\/vc_row][vc_row content_placement=\u00bbmiddle\u00bb bg_style=\u00bbimg_parallax\u00bb css=\u00bb.vc_custom_1509008228292{padding-top: 30px !important;padding-right: 30px !important;padding-bottom: 30px !important;padding-left: 30px !important;background-image: url(https:\/\/www.r-rlaw.com\/wp-content\/uploads\/2015\/04\/call_to_action_background.png?id=1580) !important;background-position: center !important;background-repeat: no-repeat !important;background-size: cover !important;}\u00bb bd_p_speed=\u00bb0.5&#8243;][vc_column][vc_column_text css=\u00bb.vc_custom_1509040706314{margin-bottom: 30px !important;padding-right: 24px !important;padding-left: 24px !important;}\u00bb el_class=\u00bbcenter colorWhite\u00bb]<\/p>\n<h2>\u00bfTengo un <span class=\"colorYellow\"> caso<\/span>?<\/h2>\n<h3>Cont\u00e1ctenos hoy para una evaluaci\u00f3n de caso de gratis<\/h3>\n<p>[\/vc_column_text][vc_column_text]<style type=\"text\/css\">.super-form-1772 > * {visibility:hidden;}<\/style><div id=\"super-form-1772\" style=\"margin:0px 0px 0px 0px;\"class=\"super-form super-form-1772 style-default super-full-rounded super-field-size-huge\" data-hide=\"true\" data-field-size=\"huge\"><form autocomplete=\"on\"><input type=\"text\" name=\"super_hp\" size=\"25\" value=\"\" \/><div class=\"super-shortcode super-field super-hidden\"><input class=\"super-shortcode-field\" type=\"hidden\" value=\"1772\" name=\"hidden_form_id\" \/><\/div><div class=\"super-grid super-shortcode\"><div class=\"super-shortcode super_one_third super-column column-number-1 grid-level-0 first-column \"><div class=\"super-shortcode super-field super-text  ungrouped  \"><div class=\"super-field-wrapper\"><input class=\"super-shortcode-field\" type=\"text\" name=\"name\" data-email=\"Nombre Completo\" data-default-value=\"\" placeholder=\"Nombre Completo\" \/><\/div><\/div><\/div><div class=\"super-shortcode super_one_third super-column column-number-2 grid-level-0  \"><div class=\"super-shortcode super-field super-text  ungrouped  \"><div class=\"super-field-wrapper\"><input class=\"super-shortcode-field\" type=\"text\" name=\"phonenumber\" data-validation=\"phone\" data-email=\"N\u00famero de Tel\u00e9fono\" data-default-value=\"\" placeholder=\"N\u00famero de Tel\u00e9fono\" \/><\/div><\/div><\/div><div class=\"super-shortcode super_one_third super-column column-number-3 grid-level-0  \"><div class=\"super-shortcode super-field super-text  ungrouped  \"><div class=\"super-field-wrapper\"><input class=\"super-shortcode-field\" type=\"text\" name=\"email\" data-validation=\"email\" data-email=\"Correo Electr\u00f3nico\" data-default-value=\"\" placeholder=\"Correo Electr\u00f3nico\" \/><\/div><\/div><\/div><\/div><div class=\"super-grid super-shortcode\"><div class=\"super-shortcode super_one_third super-column column-number-1 grid-level-0 first-column \"><div class=\"super-shortcode super-field super-text  ungrouped  \"><div class=\"super-field-wrapper\"><input class=\"super-shortcode-field\" type=\"text\" name=\"type\" data-email=\"Tipo de Incidente\" data-default-value=\"\" placeholder=\"Tipo de Incidente\" \/><\/div><\/div><\/div><div class=\"super-shortcode super_one_third super-column column-number-2 grid-level-0  \"><div class=\"super-shortcode super-field super-text  ungrouped  \"><div class=\"super-field-wrapper\"><input class=\"super-shortcode-field\" type=\"text\" name=\"time_of_incident\" data-email=\"Fecha y Hora Del Incidente\" data-default-value=\"\" placeholder=\"Fecha y Hora Del Incidente\" \/><\/div><\/div><\/div><div class=\"super-shortcode super_one_third super-column column-number-3 grid-level-0  \"><div class=\"super-shortcode super-field super-text  ungrouped  \"><div class=\"super-field-wrapper\"><input class=\"super-shortcode-field\" type=\"text\" name=\"location_of_Incident\" data-email=\"Ubicaci\u00f3n (Estado) Del Incidente\" data-default-value=\"\" placeholder=\"Ubicaci\u00f3n (Estado) Del Incidente\" \/><\/div><\/div><\/div><\/div><div class=\"super-grid super-shortcode\"><div class=\"super-shortcode super_two_third super-column column-number-1 grid-level-0 first-column \"><div class=\"super-shortcode super-field super-textarea  ungrouped  \"><div class=\"super-field-wrapper\"><textarea class=\"super-shortcode-field\" name=\"Details_of_Your_Incident\" data-email=\"Detalle Sobre Su Incidente\" data-default-value=\"\" placeholder=\"Detalle Sobre Su Incidente\" ><\/textarea><\/div><\/div><\/div><div class=\"super-shortcode super_one_third super-column column-number-2 grid-level-0  \"><div data-color=\"#eaab00\" data-light=\"#febf14\" data-dark=\"#cc8d00\" data-hover-color=\"#444444\" data-hover-light=\"#585858\" data-hover-dark=\"#262626\" data-font=\"#ffffff\" data-font-hover=\"#ffffff\" data-radius=\"full-rounded\" data-type=\"flat\" class=\"super-extra-shortcode super-shortcode super-field super-form-button super-clear-none super-button super-radius-full-rounded super-type-flat super-button-large super-button-align-center super-button-width-fullwidth\"><div data-href=\"\" class=\"super-button-wrap no_link\"><div class=\"super-button-name\" data-action=\"submit\" data-status=\"\" data-status-update=\"\" data-loading=\"Loading...\">Enviar<\/div><span class=\"super-after\"><\/span><\/div><\/div><div class=\"super-shortcode super-field super-recaptcha super-align-right  ungrouped  \"><div class=\"super-recaptcha align-right\" data-key=\"6LeRS_cqAAAAADsW4FQQQWlN9n2FeQHDEumSbDhD\" data-message=\"\"><\/div><\/div><\/div><\/div><\/form><span class=\"super-load-icon\"><\/span><\/div>[\/vc_column_text][\/vc_column][\/vc_row]<\/p>\n","protected":false},"excerpt":{"rendered":"<p>[vc_row content_full_width=\u00bb1&#8243;][vc_column offset=\u00bbvc_hidden-xs\u00bb][rev_slider_vc alias=\u00bbmain\u00bb][\/vc_column][\/vc_row][vc_row content_full_width=\u00bb1&#8243; css=\u00bb.vc_custom_1431917504872{background-color: rgba(0,0,0,0.05) !important;*background-color: rgb(0,0,0) !important;}\u00bb][vc_column offset=\u00bbvc_hidden-xs\u00bb][cms_counter content_align=\u00bbcenter\u00bb cms_cols=\u00bb4 Columns\u00bb title1=\u00bbof Experience\u00bb digit1=\u00bb45&#8243; suffix1=\u00bb Years+\u00bb title2=\u00bbSuccess Rate\u00bb digit2=\u00bb99.6&#8243; suffix2=\u00bb%\u00bb title3=\u00bbMoney Recovered\u00bb digit3=\u00bb265&#8243; suffix3=\u00bb M+\u00bb prefix3=\u00bb$\u00bb title4=\u00bbSatisfied Clients\u00bb type4=\u00bbRandom\u00bb digit4=\u00bb12000&#8243; suffix4=\u00bb+\u00bb cms_template=\u00bbcms_counter&#8211;layout1.php\u00bb][\/vc_column][\/vc_row][vc_row css=\u00bb.vc_custom_1503218759890{padding: 40px !important;}\u00bb][vc_column width=\u00bb2\/3&#8243;][vc_column_text] Abogados de accidentes en Marylandy Washington D.C. [\/vc_column_text][vc_column_text]Establecida en 1972, Rensin &amp; Rosenstein, LLP es una [&hellip;]<\/p>\n","protected":false},"author":1,"featured_media":0,"parent":0,"menu_order":0,"comment_status":"closed","ping_status":"closed","template":"","meta":[],"_links":{"self":[{"href":"https:\/\/www.r-rlaw.com\/es\/wp-json\/wp\/v2\/pages\/1791"}],"collection":[{"href":"https:\/\/www.r-rlaw.com\/es\/wp-json\/wp\/v2\/pages"}],"about":[{"href":"https:\/\/www.r-rlaw.com\/es\/wp-json\/wp\/v2\/types\/page"}],"author":[{"embeddable":true,"href":"https:\/\/www.r-rlaw.com\/es\/wp-json\/wp\/v2\/users\/1"}],"replies":[{"embeddable":true,"href":"https:\/\/www.r-rlaw.com\/es\/wp-json\/wp\/v2\/comments?post=1791"}],"version-history":[{"count":68,"href":"https:\/\/www.r-rlaw.com\/es\/wp-json\/wp\/v2\/pages\/1791\/revisions"}],"predecessor-version":[{"id":2303,"href":"https:\/\/www.r-rlaw.com\/es\/wp-json\/wp\/v2\/pages\/1791\/revisions\/2303"}],"wp:attachment":[{"href":"https:\/\/www.r-rlaw.com\/es\/wp-json\/wp\/v2\/media?parent=1791"}],"curies":[{"name":"wp","href":"https:\/\/api.w.org\/{rel}","templated":true}]}}